{"id":33,"date":"2025-09-06T12:23:54","date_gmt":"2025-09-06T12:23:54","guid":{"rendered":"https:\/\/solikreis.org\/?page_id=33"},"modified":"2025-09-06T15:36:01","modified_gmt":"2025-09-06T15:36:01","slug":"about-us","status":"publish","type":"page","link":"https:\/\/solikreis.org\/index.php\/about-us\/","title":{"rendered":"\u00dcber uns"},"content":{"rendered":"\n<pre class=\"wp-block-preformatted\">Der \"Solikreis Stuttgart\" ist ein Zusammenschluss der bisherigen Solikreise:<br><br>- Antifaschismus bleibt notwendig<br>- Antifa hei\u00dft zusammenstehen<br>- Krawallnacht bleibt legitim<br><br>In diesen Solidarit\u00e4tskampagnen arbeiteten wir zum sogenannten \"Wasenverfahren\" sowie der Repression gegen Teile der linken Bewegung im Nachgang der \"Stuttgarter Krawallnacht\".<br><br>Unsere Arbeit bestand zum einen darin eine Gegen\u00f6ffentlichkeit zu schaffen, die Vorw\u00fcrfe und die Repression politisch einzuordnen sowie die betroffenen Genoss:innen w\u00e4hrend der Prozesse und der Zeit im Knast<br>zu begleiten.<br><br>Vor allem die politische Verteidigung und Notwendigkeit von militanten Antifaschismus war ein inhaltlicher Kern der Solidarit\u00e4tsarbeit.<br><br>Die gewonnenen Erfahrungen und Kompetenzen b\u00fcndelten wir dann vor rund einem Jahr im gemeinsamen \"Solikreis Stuttgart\".<br><br>Seit dem unterst\u00fctzen wir z.B. Nico, der aufgrund der Krawallnacht seit August eine Haftstrafe von 3 Jahren und 1 Monat absitzt.<br><br>Ein Schwerpunkt unserer Arbeit lag darin die massiven<br>Besuchseinschr\u00e4nkungen der JVA Heimsheim zu thematisieren und auf verschiedenen Ebenen dagegen vorzugehen.<br><br>Zudem liegt uns eine enge Zusammenarbeit mit der Roten Hilfe und anderen Solidarit\u00e4tsstrukturen am Herzen.<br><br>Au\u00dferdem richten wir unseren Blick auf politische Gefangene au\u00dferhalb Stuttgarts, wie derzeit den Beschuldigten im sogenannten \" Budapest-Komplex\".<br><br>Auf dieser Homepage findet ihr Ver\u00f6ffentlichungen und Infos zu aktuellen Repressionsf\u00e4llen, sowie einem Archiv von vergangenen Kampagnen.<br><br>Wenn ihr uns erreichen wollt so schreibt eine mail an: <strong>mail@solikreis.org<\/strong> <br><br>oder schreibt uns eine Nachricht auf <br><br>Instagram <a href=\"https:\/\/www.instagram.com\/solikreisstuttgart0711\/\" data-type=\"link\" data-id=\"https:\/\/www.instagram.com\/solikreisstuttgart0711\/\">https:\/\/www.instagram.com\/solikreisstuttgart0711\/<\/a><br><\/pre>\n","protected":false},"excerpt":{"rendered":"<p>Der &#8222;Solikreis Stuttgart&#8220; ist ein Zusammenschluss der bisherigen Solikreise:- Antifaschismus bleibt notwendig- Antifa hei\u00dft zusammenstehen- Krawallnacht bleibt legitimIn diesen Solidarit\u00e4tskampagnen arbeiteten wir zum sogenannten &#8222;Wasenverfahren&#8220; sowie der Repression gegen Teile der linken Bewegung im Nachgang der &#8222;Stuttgarter Krawallnacht&#8220;.Unsere Arbeit bestand zum einen darin eine Gegen\u00f6ffentlichkeit zu schaffen, die Vorw\u00fcrfe und die Repression politisch einzuordnen sowie [&hellip;]<\/p>\n","protected":false},"author":1,"featured_media":0,"parent":0,"menu_order":0,"comment_status":"closed","ping_status":"closed","template":"","meta":{"footnotes":""},"class_list":["post-33","page","type-page","status-publish","hentry"],"_links":{"self":[{"href":"https:\/\/solikreis.org\/index.php\/wp-json\/wp\/v2\/pages\/33","targetHints":{"allow":["GET"]}}],"collection":[{"href":"https:\/\/solikreis.org\/index.php\/wp-json\/wp\/v2\/pages"}],"about":[{"href":"https:\/\/solikreis.org\/index.php\/wp-json\/wp\/v2\/types\/page"}],"author":[{"embeddable":true,"href":"https:\/\/solikreis.org\/index.php\/wp-json\/wp\/v2\/users\/1"}],"replies":[{"embeddable":true,"href":"https:\/\/solikreis.org\/index.php\/wp-json\/wp\/v2\/comments?post=33"}],"version-history":[{"count":3,"href":"https:\/\/solikreis.org\/index.php\/wp-json\/wp\/v2\/pages\/33\/revisions"}],"predecessor-version":[{"id":56,"href":"https:\/\/solikreis.org\/index.php\/wp-json\/wp\/v2\/pages\/33\/revisions\/56"}],"wp:attachment":[{"href":"https:\/\/solikreis.org\/index.php\/wp-json\/wp\/v2\/media?parent=33"}],"curies":[{"name":"wp","href":"https:\/\/api.w.org\/{rel}","templated":true}]}}