{"id":65,"date":"2025-09-06T15:43:44","date_gmt":"2025-09-06T15:43:44","guid":{"rendered":"https:\/\/solikreis.org\/?page_id=65"},"modified":"2025-09-06T16:00:43","modified_gmt":"2025-09-06T16:00:43","slug":"antifa-heisst-zusammenstehen-freiheit-fuer-findus","status":"publish","type":"page","link":"https:\/\/solikreis.org\/index.php\/repressionsfaelle\/antifa-heisst-zusammenstehen-freiheit-fuer-findus\/","title":{"rendered":"Antifa hei\u00dft zusammenstehen (Freiheit f\u00fcr Findus)"},"content":{"rendered":"\n<div class=\"wp-block-query alignwide is-layout-constrained wp-block-query-is-layout-constrained\"><ul class=\"alignwide wp-block-post-template is-layout-flow wp-block-post-template-is-layout-flow\"><li class=\"wp-block-post post-169 post type-post status-publish format-standard has-post-thumbnail hentry category-aktuelles category-antifa-heisst-zusammenstehen\">\n\n<div class=\"wp-block-group is-layout-constrained wp-block-group-is-layout-constrained\"><h2 class=\"alignwide wp-block-post-title has-var-wp-custom-typography-font-size-huge-clamp-2-25-rem-4-vw-2-75-rem-font-size\"><a href=\"https:\/\/solikreis.org\/index.php\/2023\/09\/25\/antifa-heisst-zusammenstehen-find-us-together\/\" target=\"_self\" >Antifa hei\u00dft zusammenstehen &#8211; Find us together<\/a><\/h2>\n\n<figure style=\"margin-top:calc(1.75 * var(--wp--style--block-gap));\" class=\"alignwide wp-block-post-featured-image\"><a href=\"https:\/\/solikreis.org\/index.php\/2023\/09\/25\/antifa-heisst-zusammenstehen-find-us-together\/\" target=\"_self\"  ><img loading=\"lazy\" decoding=\"async\" width=\"2000\" height=\"1200\" src=\"https:\/\/solikreis.org\/wp-content\/uploads\/2025\/09\/antifaheisstzusammenstehen.jpg\" class=\"attachment-post-thumbnail size-post-thumbnail wp-post-image\" alt=\"Antifa hei\u00dft zusammenstehen &#8211; Find us together\" style=\"object-fit:cover;\" srcset=\"https:\/\/solikreis.org\/wp-content\/uploads\/2025\/09\/antifaheisstzusammenstehen.jpg 2000w, https:\/\/solikreis.org\/wp-content\/uploads\/2025\/09\/antifaheisstzusammenstehen-300x180.jpg 300w, https:\/\/solikreis.org\/wp-content\/uploads\/2025\/09\/antifaheisstzusammenstehen-1024x614.jpg 1024w, https:\/\/solikreis.org\/wp-content\/uploads\/2025\/09\/antifaheisstzusammenstehen-768x461.jpg 768w, https:\/\/solikreis.org\/wp-content\/uploads\/2025\/09\/antifaheisstzusammenstehen-1536x922.jpg 1536w\" sizes=\"auto, (max-width: 2000px) 100vw, 2000px\" \/><\/a><\/figure>\n\n\n<div class=\"wp-block-columns alignwide is-layout-flex wp-container-core-columns-is-layout-28f84493 wp-block-columns-is-layout-flex\">\n<div class=\"wp-block-column is-layout-flow wp-block-column-is-layout-flow\" style=\"flex-basis:650px\"><div class=\"wp-block-post-excerpt\"><p class=\"wp-block-post-excerpt__excerpt\">Alle Infos zur Solikampagne findet ihr auf: https:\/\/antifaheisstzusammenstehen.wordpress.com\/ <\/p><\/div>\n\n<div style=\"font-style:italic;font-weight:400;\" class=\"wp-block-post-date has-small-font-size\"><time datetime=\"2023-09-25T13:12:00+00:00\"><a href=\"https:\/\/solikreis.org\/index.php\/2023\/09\/25\/antifa-heisst-zusammenstehen-find-us-together\/\">September 25, 2023<\/a><\/time><\/div><\/div>\n\n\n\n<div class=\"wp-block-column is-layout-flow wp-block-column-is-layout-flow\"><\/div>\n<\/div>\n\n\n\n<div style=\"height:16px\" aria-hidden=\"true\" class=\"wp-block-spacer\"><\/div>\n\n\n\n<hr class=\"wp-block-separator has-css-opacity alignwide is-style-wide\"\/>\n\n\n\n<div style=\"height:16px\" aria-hidden=\"true\" class=\"wp-block-spacer\"><\/div>\n<\/div>\n\n<\/li><li class=\"wp-block-post post-204 post type-post status-publish format-standard has-post-thumbnail hentry category-aktuelles category-antifa-heisst-zusammenstehen category-wasenverfahren\">\n\n<div class=\"wp-block-group is-layout-constrained wp-block-group-is-layout-constrained\"><h2 class=\"alignwide wp-block-post-title has-var-wp-custom-typography-font-size-huge-clamp-2-25-rem-4-vw-2-75-rem-font-size\"><a href=\"https:\/\/solikreis.org\/index.php\/2023\/03\/20\/freiheit-fuer-alle-politischen-gefangenen-busfahrt-zu-verschiedenen-knaesten-in-baden-wuerttemberg\/\" target=\"_self\" >Freiheit f\u00fcr alle politischen Gefangenen \u2013 Busfahrt zu verschiedenen Kn\u00e4sten in Baden W\u00fcrttemberg<\/a><\/h2>\n\n<figure style=\"margin-top:calc(1.75 * var(--wp--style--block-gap));\" class=\"alignwide wp-block-post-featured-image\"><a href=\"https:\/\/solikreis.org\/index.php\/2023\/03\/20\/freiheit-fuer-alle-politischen-gefangenen-busfahrt-zu-verschiedenen-knaesten-in-baden-wuerttemberg\/\" target=\"_self\"  ><img loading=\"lazy\" decoding=\"async\" width=\"768\" height=\"512\" src=\"https:\/\/solikreis.org\/wp-content\/uploads\/2025\/10\/90750-768x512-1.jpg\" class=\"attachment-post-thumbnail size-post-thumbnail wp-post-image\" alt=\"Freiheit f\u00fcr alle politischen Gefangenen \u2013 Busfahrt zu verschiedenen Kn\u00e4sten in Baden W\u00fcrttemberg\" style=\"object-fit:cover;\" srcset=\"https:\/\/solikreis.org\/wp-content\/uploads\/2025\/10\/90750-768x512-1.jpg 768w, https:\/\/solikreis.org\/wp-content\/uploads\/2025\/10\/90750-768x512-1-300x200.jpg 300w\" sizes=\"auto, (max-width: 768px) 100vw, 768px\" \/><\/a><\/figure>\n\n\n<div class=\"wp-block-columns alignwide is-layout-flex wp-container-core-columns-is-layout-28f84493 wp-block-columns-is-layout-flex\">\n<div class=\"wp-block-column is-layout-flow wp-block-column-is-layout-flow\" style=\"flex-basis:650px\"><div class=\"wp-block-post-excerpt\"><p class=\"wp-block-post-excerpt__excerpt\">Der 18. M\u00e4rz ist der internationale Tag der politischen Gefangenen.Er wurde in Erinnerung an die Pariser Kommune und ihre brutale Zerschlagung durch die Truppen der Konterrevolution ausgerufen und hat seine Aktualit\u00e4t auch heute nicht verloren. Noch immer noch k\u00e4mpfen Menschen f\u00fcr eine Klassenlose Gesellschaft und auch heute erleiden sie daf\u00fcr \u2013 je nach Region in&hellip; <\/p><\/div>\n\n<div style=\"font-style:italic;font-weight:400;\" class=\"wp-block-post-date has-small-font-size\"><time datetime=\"2023-03-20T13:12:00+00:00\"><a href=\"https:\/\/solikreis.org\/index.php\/2023\/03\/20\/freiheit-fuer-alle-politischen-gefangenen-busfahrt-zu-verschiedenen-knaesten-in-baden-wuerttemberg\/\">M\u00e4rz 20, 2023<\/a><\/time><\/div><\/div>\n\n\n\n<div class=\"wp-block-column is-layout-flow wp-block-column-is-layout-flow\"><\/div>\n<\/div>\n\n\n\n<div style=\"height:16px\" aria-hidden=\"true\" class=\"wp-block-spacer\"><\/div>\n\n\n\n<hr class=\"wp-block-separator has-css-opacity alignwide is-style-wide\"\/>\n\n\n\n<div style=\"height:16px\" aria-hidden=\"true\" class=\"wp-block-spacer\"><\/div>\n<\/div>\n\n<\/li><li class=\"wp-block-post post-212 post type-post status-publish format-standard has-post-thumbnail hentry category-aktuelles category-antifa-heisst-zusammenstehen category-wasenverfahren\">\n\n<div class=\"wp-block-group is-layout-constrained wp-block-group-is-layout-constrained\"><h2 class=\"alignwide wp-block-post-title has-var-wp-custom-typography-font-size-huge-clamp-2-25-rem-4-vw-2-75-rem-font-size\"><a href=\"https:\/\/solikreis.org\/index.php\/2023\/03\/07\/mauern-ueberwinden-solidaritaet-organisieren-freiheit-fuer-alle-politischen-gefangenen\/\" target=\"_self\" >Mauern \u00fcberwinden \u2013 Solidarit\u00e4t organisieren: Freiheit f\u00fcr alle politischen Gefangenen!<\/a><\/h2>\n\n<figure style=\"margin-top:calc(1.75 * var(--wp--style--block-gap));\" class=\"alignwide wp-block-post-featured-image\"><a href=\"https:\/\/solikreis.org\/index.php\/2023\/03\/07\/mauern-ueberwinden-solidaritaet-organisieren-freiheit-fuer-alle-politischen-gefangenen\/\" target=\"_self\"  ><img loading=\"lazy\" decoding=\"async\" width=\"768\" height=\"768\" src=\"https:\/\/solikreis.org\/wp-content\/uploads\/2025\/10\/1803-Sharepics-fertig-768x768-1.jpg\" class=\"attachment-post-thumbnail size-post-thumbnail wp-post-image\" alt=\"Mauern \u00fcberwinden \u2013 Solidarit\u00e4t organisieren: Freiheit f\u00fcr alle politischen Gefangenen!\" style=\"object-fit:cover;\" srcset=\"https:\/\/solikreis.org\/wp-content\/uploads\/2025\/10\/1803-Sharepics-fertig-768x768-1.jpg 768w, https:\/\/solikreis.org\/wp-content\/uploads\/2025\/10\/1803-Sharepics-fertig-768x768-1-300x300.jpg 300w, https:\/\/solikreis.org\/wp-content\/uploads\/2025\/10\/1803-Sharepics-fertig-768x768-1-150x150.jpg 150w\" sizes=\"auto, (max-width: 768px) 100vw, 768px\" \/><\/a><\/figure>\n\n\n<div class=\"wp-block-columns alignwide is-layout-flex wp-container-core-columns-is-layout-28f84493 wp-block-columns-is-layout-flex\">\n<div class=\"wp-block-column is-layout-flow wp-block-column-is-layout-flow\" style=\"flex-basis:650px\"><div class=\"wp-block-post-excerpt\"><p class=\"wp-block-post-excerpt__excerpt\">Die Linke Bewegung sieht sich zunehmend mit staatlicher Repression konfrontiert. Das \u00e4u\u00dfert sich in vermehrten Polizeiangriffen auf Demonstrationen, Gerichtsverfahren und nicht zuletzt h\u00e4ufigeren Haftstrafen. Auch in Baden-W\u00fcrttemberg steigt die Zahl der aus politischen Gr\u00fcnden Inhaftierten konstant. In Anbetracht der sich immer weiter zuspitzenden kapitalistischen Krise, kriminalisiert der Staat die Linke Bewegung, denn diese stellt eine&hellip; <\/p><\/div>\n\n<div style=\"font-style:italic;font-weight:400;\" class=\"wp-block-post-date has-small-font-size\"><time datetime=\"2023-03-07T13:12:00+00:00\"><a href=\"https:\/\/solikreis.org\/index.php\/2023\/03\/07\/mauern-ueberwinden-solidaritaet-organisieren-freiheit-fuer-alle-politischen-gefangenen\/\">M\u00e4rz 7, 2023<\/a><\/time><\/div><\/div>\n\n\n\n<div class=\"wp-block-column is-layout-flow wp-block-column-is-layout-flow\"><\/div>\n<\/div>\n\n\n\n<div style=\"height:16px\" aria-hidden=\"true\" class=\"wp-block-spacer\"><\/div>\n\n\n\n<hr class=\"wp-block-separator has-css-opacity alignwide is-style-wide\"\/>\n\n\n\n<div style=\"height:16px\" aria-hidden=\"true\" class=\"wp-block-spacer\"><\/div>\n<\/div>\n\n<\/li><\/ul>\n\n<\/div>\n\n\n\n<p><\/p>\n","protected":false},"excerpt":{"rendered":"","protected":false},"author":1,"featured_media":0,"parent":57,"menu_order":0,"comment_status":"closed","ping_status":"closed","template":"","meta":{"footnotes":""},"class_list":["post-65","page","type-page","status-publish","hentry"],"_links":{"self":[{"href":"https:\/\/solikreis.org\/index.php\/wp-json\/wp\/v2\/pages\/65","targetHints":{"allow":["GET"]}}],"collection":[{"href":"https:\/\/solikreis.org\/index.php\/wp-json\/wp\/v2\/pages"}],"about":[{"href":"https:\/\/solikreis.org\/index.php\/wp-json\/wp\/v2\/types\/page"}],"author":[{"embeddable":true,"href":"https:\/\/solikreis.org\/index.php\/wp-json\/wp\/v2\/users\/1"}],"replies":[{"embeddable":true,"href":"https:\/\/solikreis.org\/index.php\/wp-json\/wp\/v2\/comments?post=65"}],"version-history":[{"count":2,"href":"https:\/\/solikreis.org\/index.php\/wp-json\/wp\/v2\/pages\/65\/revisions"}],"predecessor-version":[{"id":71,"href":"https:\/\/solikreis.org\/index.php\/wp-json\/wp\/v2\/pages\/65\/revisions\/71"}],"up":[{"embeddable":true,"href":"https:\/\/solikreis.org\/index.php\/wp-json\/wp\/v2\/pages\/57"}],"wp:attachment":[{"href":"https:\/\/solikreis.org\/index.php\/wp-json\/wp\/v2\/media?parent=65"}],"curies":[{"name":"wp","href":"https:\/\/api.w.org\/{rel}","templated":true}]}}